{"id":1281,"date":"2026-01-16T15:08:49","date_gmt":"2026-01-16T14:08:49","guid":{"rendered":"https:\/\/lovinghonesty.com\/?page_id=1281"},"modified":"2026-03-05T17:41:54","modified_gmt":"2026-03-05T16:41:54","slug":"1281-2","status":"publish","type":"page","link":"https:\/\/lovinghonesty.com\/?page_id=1281","title":{"rendered":""},"content":{"rendered":"<p>[et_pb_section fb_built=&#8220;1&#8243; _builder_version=&#8220;4.27.4&#8243; _module_preset=&#8220;default&#8220; background_enable_color=&#8220;off&#8220; background_image=&#8220;https:\/\/lovinghonesty.com\/wp-content\/uploads\/2025\/01\/bgfinehellerknleiner.jpg&#8220; parallax=&#8220;on&#8220; parallax_method=&#8220;off&#8220; min_height=&#8220;1000px&#8220; global_colors_info=&#8220;{}&#8220;][et_pb_row _builder_version=&#8220;4.27.4&#8243; _module_preset=&#8220;default&#8220; background_enable_color=&#8220;off&#8220; custom_margin=&#8220;||||false|false&#8220; custom_padding=&#8220;25px|25px|25px|25px|true|true&#8220; border_radii=&#8220;on|25px|25px|25px|25px&#8220; box_shadow_style=&#8220;preset3&#8243; box_shadow_vertical=&#8220;25px&#8220; box_shadow_blur=&#8220;20px&#8220; box_shadow_spread=&#8220;3px&#8220; global_colors_info=&#8220;{}&#8220;][et_pb_column type=&#8220;4_4&#8243; _builder_version=&#8220;4.27.4&#8243; _module_preset=&#8220;default&#8220; global_colors_info=&#8220;{}&#8220;][et_pb_heading title=&#8220;Frauentags-Singkreis&#8220; _builder_version=&#8220;4.27.4&#8243; _module_preset=&#8220;_initial&#8220; title_font=&#8220;||||||||&#8220; title_text_align=&#8220;center&#8220; title_text_color=&#8220;#000000&#8243; title_font_size=&#8220;70px&#8220; title_line_height=&#8220;1.1em&#8220; custom_margin=&#8220;||29px||false|false&#8220; custom_padding=&#8220;25px|||||&#8220; title_font_size_tablet=&#8220;40px&#8220; title_font_size_phone=&#8220;40px&#8220; title_font_size_last_edited=&#8220;on|phone&#8220; saved_tabs=&#8220;all&#8220; locked=&#8220;off&#8220; global_colors_info=&#8220;{}&#8220;][\/et_pb_heading][et_pb_blurb title=&#8220;08.03.26&#8243; image=&#8220;https:\/\/lovinghonesty.com\/wp-content\/uploads\/2026\/01\/wide_frauentag_big.jpg&#8220; _builder_version=&#8220;4.27.4&#8243; _module_preset=&#8220;default&#8220; header_level=&#8220;h1&#8243; header_font=&#8220;|||||on|||&#8220; header_text_align=&#8220;center&#8220; header_font_size=&#8220;30px&#8220; header_letter_spacing=&#8220;2px&#8220; body_font=&#8220;|600|||||||&#8220; body_text_align=&#8220;justify&#8220; body_font_size=&#8220;15px&#8220; body_line_height=&#8220;1.4em&#8220; image_icon_custom_margin=&#8220;10px||0px||false|false&#8220; custom_padding=&#8220;15px|0px|15px|0px|true|false&#8220; body_font_tablet=&#8220;|600|||||||&#8220; body_font_phone=&#8220;|600|||||||&#8220; body_font_last_edited=&#8220;on|desktop&#8220; border_radii_image=&#8220;on|25px|25px|25px|25px&#8220; global_colors_info=&#8220;{}&#8220;]<\/p>\n<h1 style=\"text-align: center;\">Bern, Schweiz<\/h1>\n<p>&nbsp;<\/p>\n<p>Gemeinsam singen zur Feier der Frauen!<\/p>\n<p>Erst mal der Elefant im Raum: (Bisher) organisieren zwei M\u00e4nner am Frauentag. Einerseits wollen wir den Raum halten und Frauen die M\u00f6glichkeit geben, sich fallen zu lassen und zu empfangen. Das ist unser Wunsch zu beschenken. Andererseits m\u00f6chten wir die M\u00f6glichkeit zur Mitgestaltung geben. Das ist unser Streben nach Integration und Gleichberechtigung. Die initiale Idee des Weltfrauentags kam einer Frau vor gut 100 Jahren und wurde von der Frauenbewegung belebt. Wir wollen diesen Feiertag noch mehr ins Bewusstsein rufen! Wir w\u00fcrden uns sehr \u00fcber Frauen und Divers-F\u00fchlende im Orga-Team freuen. Bist du interessiert mitzugestalten? Melde Dich gern.<\/p>\n<p>Gedacht haben wir uns das Event prim\u00e4r als Singkreis mit vielen gemeinsamen Liedern und zweien, die von M\u00e4nnern f\u00fcr Frauen gesungen werden. Drumherum und zwischendurch laden wir zur Reflexion ein. Fragen, die uns besch\u00e4ftigen, sind zum Beispiel:<\/p>\n<p>Welche Kraft bringen Frauen in unsere Welt? Was bedeuten die zyklische und weibliche Natur f\u00fcr jede\/n von uns? Was bedeutet es, eine Frau zu sein? In welchen Bereichen k\u00f6nnen M\u00e4nner unterst\u00fctzen, sodass Wunden heilen und Liebe und Menschlichkeit erbl\u00fchen k\u00f6nnen?<\/p>\n<p>Lass diese Fragen in Einstimmung auf den Feiertag sanft in dir anklingen, wenn du magst. Du kannst uns auch vorg\u00e4nging einen Text, einen Liederwunsch oder ein Gedicht zusenden und wir werden deinen Beitrag gerne in die Klangreise einflechten.<\/p>\n<p>Ich werde ein paar Snacks mitbringen. Beitr\u00e4ge von TeilnehmerInnen sind willkommen und werden nicht erwartet.<\/p>\n<p>&nbsp;<\/p>\n<p>Wo:<\/p>\n<p><span>Heilraum im Dachstock<\/span><\/p>\n<div>Innovationsdorf Bern (Eingang R, ganz oben)<\/div>\n<div>Wylerringstrasse 36<\/div>\n<div><\/div>\n<p>&nbsp;<\/p>\n<p>Wann:<\/p>\n<div>Ankommen ab 12:30 Uhr<\/div>\n<div>Beginn 13 Uhr<\/div>\n<div>Ausklang gegen 15 Uhr<\/div>\n<div><\/div>\n<p>&nbsp;<\/p>\n<p>Bezahlung vor Ort: Bar oder Twint<\/p>\n<p>Frauen: frei<br \/>Diverse: 10 CHF<br \/>M\u00e4nner: 20 CHF<\/p>\n<p>[\/et_pb_blurb][et_pb_button button_url=&#8220;https:\/\/forms.gle\/ykYh6xS3Ndef3NfWA&#8220; url_new_window=&#8220;on&#8220; button_text=&#8220;Anmeldung&#8220; button_alignment=&#8220;center&#8220; _builder_version=&#8220;4.27.4&#8243; _module_preset=&#8220;default&#8220; custom_button=&#8220;on&#8220; button_text_size=&#8220;18px&#8220; button_text_color=&#8220;#FFFFFF&#8220; button_bg_color=&#8220;#445350&#8243; button_border_width=&#8220;0px&#8220; button_border_color=&#8220;#000000&#8243; button_border_radius=&#8220;90px&#8220; button_letter_spacing=&#8220;3px&#8220; button_font=&#8220;Inter|600||on|||||&#8220; button_use_icon=&#8220;off&#8220; box_shadow_style=&#8220;preset4&#8243; box_shadow_horizontal=&#8220;2px&#8220; box_shadow_vertical=&#8220;2px&#8220; saved_tabs=&#8220;all&#8220; global_colors_info=&#8220;{}&#8220; button_bg_color__hover=&#8220;#bf7f75&#8243; button_bg_color__hover_enabled=&#8220;on|hover&#8220; button_letter_spacing__hover=&#8220;2px&#8220; button_letter_spacing__hover_enabled=&#8220;on&#8220; button_bg_enable_color__hover=&#8220;on&#8220;][\/et_pb_button][\/et_pb_column][\/et_pb_row][et_pb_row _builder_version=&#8220;4.27.4&#8243; _module_preset=&#8220;default&#8220; background_enable_color=&#8220;off&#8220; custom_margin=&#8220;40px||||false|false&#8220; custom_padding=&#8220;25px|25px|25px|25px|true|true&#8220; border_radii=&#8220;on|25px|25px|25px|25px&#8220; box_shadow_style=&#8220;preset3&#8243; box_shadow_vertical=&#8220;25px&#8220; box_shadow_blur=&#8220;20px&#8220; box_shadow_spread=&#8220;3px&#8220; global_colors_info=&#8220;{}&#8220;][et_pb_column type=&#8220;4_4&#8243; _builder_version=&#8220;4.27.4&#8243; _module_preset=&#8220;default&#8220; global_colors_info=&#8220;{}&#8220;][et_pb_heading title=&#8220;Fragen, W\u00fcnsche, Anregungen&#8220; _builder_version=&#8220;4.27.4&#8243; _module_preset=&#8220;_initial&#8220; title_font=&#8220;||||||||&#8220; title_text_align=&#8220;center&#8220; title_text_color=&#8220;#000000&#8243; title_font_size=&#8220;70px&#8220; title_line_height=&#8220;1.1em&#8220; custom_margin=&#8220;||29px||false|false&#8220; custom_padding=&#8220;25px|||||&#8220; title_font_size_tablet=&#8220;40px&#8220; title_font_size_phone=&#8220;40px&#8220; title_font_size_last_edited=&#8220;on|phone&#8220; saved_tabs=&#8220;all&#8220; locked=&#8220;off&#8220; global_colors_info=&#8220;{}&#8220;][\/et_pb_heading][et_pb_contact_form use_spam_service=&#8220;on&#8220; recaptcha_list=&#8220;michael@lovinghonestycom|michael@lovinghonestycom-0&#8243; email=&#8220;michael@lovinghonesty.com&#8220; custom_message=&#8220;Name(n): %%Name(n)%%||et_pb_line_break_holder||E-Mail: %%E-Mail%%||et_pb_line_break_holder||Betreff: %%Betreff%%||et_pb_line_break_holder||||et_pb_line_break_holder||Nachricht: ||et_pb_line_break_holder||%%Nachricht%%||et_pb_line_break_holder||&#8220; use_redirect=&#8220;on&#8220; redirect_url=&#8220;https:\/\/lovinghonesty.com\/&#8220; success_message=&#8220;Danke f\u00fcr Deine Nachricht.&#8220; submit_button_text=&#8220;Abschicken&#8220; module_id=&#8220;et_pb_contact_form_0&#8243; _builder_version=&#8220;4.27.4&#8243; form_field_background_color=&#8220;#ffffff&#8220; form_field_text_color=&#8220;rgba(0,0,0,0.82)&#8220; form_field_custom_margin=&#8220;0px||||false|false&#8220; form_field_custom_padding=&#8220;||||false|false&#8220; form_field_font=&#8220;Times New Roman|300|||||||&#8220; form_field_text_align=&#8220;left&#8220; form_field_font_size=&#8220;16px&#8220; form_field_letter_spacing=&#8220;1px&#8220; form_field_line_height=&#8220;1em&#8220; background_enable_color=&#8220;off&#8220; custom_button=&#8220;on&#8220; button_text_size=&#8220;18px&#8220; button_text_color=&#8220;#f7f3ee&#8220; button_bg_color=&#8220;#445350&#8243; button_border_width=&#8220;0px&#8220; button_border_color=&#8220;#000000&#8243; button_border_radius=&#8220;88px&#8220; button_letter_spacing=&#8220;4px&#8220; button_font=&#8220;Inter|700||on|||||&#8220; button_use_icon=&#8220;off&#8220; button_custom_margin=&#8220;10px||||false|false&#8220; button_custom_padding=&#8220;||||false|false&#8220; max_width=&#8220;60%&#8220; max_width_tablet=&#8220;none&#8220; max_width_phone=&#8220;100%&#8220; max_width_last_edited=&#8220;on|desktop&#8220; module_alignment=&#8220;center&#8220; custom_padding=&#8220;10px||10px||true|true&#8220; animation_style=&#8220;fade&#8220; border_width_all=&#8220;1px&#8220; border_color_all=&#8220;rgba(0,0,0,0.12)&#8220; box_shadow_style_button=&#8220;preset4&#8243; box_shadow_horizontal_button=&#8220;2px&#8220; box_shadow_vertical_button=&#8220;2px&#8220; form_background_color=&#8220;#ffffff&#8220; global_colors_info=&#8220;{}&#8220; button_bg_color__hover=&#8220;#bf7f75&#8243; button_bg_color__hover_enabled=&#8220;on|hover&#8220; button_letter_spacing__hover=&#8220;2px&#8220; button_letter_spacing__hover_enabled=&#8220;on&#8220; button_bg_enable_color__hover=&#8220;on&#8220;][et_pb_contact_field field_id=&#8220;Name(n)&#8220; field_title=&#8220;Name&#8220; fullwidth_field=&#8220;on&#8220; _builder_version=&#8220;4.27.4&#8243; global_colors_info=&#8220;{}&#8220; button_text_size__hover_enabled=&#8220;off&#8220; button_one_text_size__hover_enabled=&#8220;off&#8220; button_two_text_size__hover_enabled=&#8220;off&#8220; button_text_color__hover_enabled=&#8220;off&#8220; button_one_text_color__hover_enabled=&#8220;off&#8220; button_two_text_color__hover_enabled=&#8220;off&#8220; button_border_width__hover_enabled=&#8220;off&#8220; button_one_border_width__hover_enabled=&#8220;off&#8220; button_two_border_width__hover_enabled=&#8220;off&#8220; button_border_color__hover_enabled=&#8220;off&#8220; button_one_border_color__hover_enabled=&#8220;off&#8220; button_two_border_color__hover_enabled=&#8220;off&#8220; button_border_radius__hover_enabled=&#8220;off&#8220; button_one_border_radius__hover_enabled=&#8220;off&#8220; button_two_border_radius__hover_enabled=&#8220;off&#8220; button_letter_spacing__hover_enabled=&#8220;off&#8220; button_one_letter_spacing__hover_enabled=&#8220;off&#8220; button_two_letter_spacing__hover_enabled=&#8220;off&#8220; button_bg_color__hover_enabled=&#8220;off&#8220; button_one_bg_color__hover_enabled=&#8220;off&#8220; button_two_bg_color__hover_enabled=&#8220;off&#8220;][\/et_pb_contact_field][et_pb_contact_field field_id=&#8220;E-Mail&#8220; field_title=&#8220;E-Mail&#8220; field_type=&#8220;email&#8220; fullwidth_field=&#8220;on&#8220; _builder_version=&#8220;4.27.4&#8243; global_colors_info=&#8220;{}&#8220; button_text_size__hover_enabled=&#8220;off&#8220; button_one_text_size__hover_enabled=&#8220;off&#8220; button_two_text_size__hover_enabled=&#8220;off&#8220; button_text_color__hover_enabled=&#8220;off&#8220; button_one_text_color__hover_enabled=&#8220;off&#8220; button_two_text_color__hover_enabled=&#8220;off&#8220; button_border_width__hover_enabled=&#8220;off&#8220; button_one_border_width__hover_enabled=&#8220;off&#8220; button_two_border_width__hover_enabled=&#8220;off&#8220; button_border_color__hover_enabled=&#8220;off&#8220; button_one_border_color__hover_enabled=&#8220;off&#8220; button_two_border_color__hover_enabled=&#8220;off&#8220; button_border_radius__hover_enabled=&#8220;off&#8220; button_one_border_radius__hover_enabled=&#8220;off&#8220; button_two_border_radius__hover_enabled=&#8220;off&#8220; button_letter_spacing__hover_enabled=&#8220;off&#8220; button_one_letter_spacing__hover_enabled=&#8220;off&#8220; button_two_letter_spacing__hover_enabled=&#8220;off&#8220; button_bg_color__hover_enabled=&#8220;off&#8220; button_one_bg_color__hover_enabled=&#8220;off&#8220; button_two_bg_color__hover_enabled=&#8220;off&#8220;][\/et_pb_contact_field][et_pb_contact_field field_id=&#8220;Nachricht&#8220; field_title=&#8220;Deine Nachricht&#8220; field_type=&#8220;text&#8220; fullwidth_field=&#8220;on&#8220; _builder_version=&#8220;4.27.4&#8243; global_colors_info=&#8220;{}&#8220; button_text_size__hover_enabled=&#8220;off&#8220; button_one_text_size__hover_enabled=&#8220;off&#8220; button_two_text_size__hover_enabled=&#8220;off&#8220; button_text_color__hover_enabled=&#8220;off&#8220; button_one_text_color__hover_enabled=&#8220;off&#8220; button_two_text_color__hover_enabled=&#8220;off&#8220; button_border_width__hover_enabled=&#8220;off&#8220; button_one_border_width__hover_enabled=&#8220;off&#8220; button_two_border_width__hover_enabled=&#8220;off&#8220; button_border_color__hover_enabled=&#8220;off&#8220; button_one_border_color__hover_enabled=&#8220;off&#8220; button_two_border_color__hover_enabled=&#8220;off&#8220; button_border_radius__hover_enabled=&#8220;off&#8220; button_one_border_radius__hover_enabled=&#8220;off&#8220; button_two_border_radius__hover_enabled=&#8220;off&#8220; button_letter_spacing__hover_enabled=&#8220;off&#8220; button_one_letter_spacing__hover_enabled=&#8220;off&#8220; button_two_letter_spacing__hover_enabled=&#8220;off&#8220; button_bg_color__hover_enabled=&#8220;off&#8220; button_one_bg_color__hover_enabled=&#8220;off&#8220; button_two_bg_color__hover_enabled=&#8220;off&#8220;][\/et_pb_contact_field][\/et_pb_contact_form][\/et_pb_column][\/et_pb_row][\/et_pb_section]<\/p>\n","protected":false},"excerpt":{"rendered":"<p>Bern, Schweiz &nbsp; Gemeinsam singen zur Feier der Frauen! Erst mal der Elefant im Raum: (Bisher) organisieren zwei M\u00e4nner am Frauentag. Einerseits wollen wir den Raum halten und Frauen die M\u00f6glichkeit geben, sich fallen zu lassen und zu empfangen. Das ist unser Wunsch zu beschenken. Andererseits m\u00f6chten wir die M\u00f6glichkeit zur Mitgestaltung geben. Das ist [&hellip;]<\/p>\n","protected":false},"author":1,"featured_media":0,"parent":0,"menu_order":0,"comment_status":"closed","ping_status":"closed","template":"","meta":{"_et_pb_use_builder":"on","_et_pb_old_content":"","_et_gb_content_width":"","_monsterinsights_skip_tracking":false,"_monsterinsights_sitenote_active":false,"_monsterinsights_sitenote_note":"","_monsterinsights_sitenote_category":0,"footnotes":""},"class_list":["post-1281","page","type-page","status-publish","hentry"],"_links":{"self":[{"href":"https:\/\/lovinghonesty.com\/index.php?rest_route=\/wp\/v2\/pages\/1281","targetHints":{"allow":["GET"]}}],"collection":[{"href":"https:\/\/lovinghonesty.com\/index.php?rest_route=\/wp\/v2\/pages"}],"about":[{"href":"https:\/\/lovinghonesty.com\/index.php?rest_route=\/wp\/v2\/types\/page"}],"author":[{"embeddable":true,"href":"https:\/\/lovinghonesty.com\/index.php?rest_route=\/wp\/v2\/users\/1"}],"replies":[{"embeddable":true,"href":"https:\/\/lovinghonesty.com\/index.php?rest_route=%2Fwp%2Fv2%2Fcomments&post=1281"}],"version-history":[{"count":10,"href":"https:\/\/lovinghonesty.com\/index.php?rest_route=\/wp\/v2\/pages\/1281\/revisions"}],"predecessor-version":[{"id":1321,"href":"https:\/\/lovinghonesty.com\/index.php?rest_route=\/wp\/v2\/pages\/1281\/revisions\/1321"}],"wp:attachment":[{"href":"https:\/\/lovinghonesty.com\/index.php?rest_route=%2Fwp%2Fv2%2Fmedia&parent=1281"}],"curies":[{"name":"wp","href":"https:\/\/api.w.org\/{rel}","templated":true}]}}