{"id":724,"date":"2025-01-21T17:00:00","date_gmt":"2025-01-21T16:00:00","guid":{"rendered":"https:\/\/lovinghonesty.com\/?page_id=724"},"modified":"2025-04-29T22:14:43","modified_gmt":"2025-04-29T20:14:43","slug":"724-2","status":"publish","type":"page","link":"https:\/\/lovinghonesty.com\/?page_id=724","title":{"rendered":"About"},"content":{"rendered":"<p>[et_pb_section fb_built=&#8220;1&#8243; admin_label=&#8220;Feature Section&#8220; module_id=&#8220;Ueber&#8220; _builder_version=&#8220;4.27.4&#8243; background_enable_color=&#8220;off&#8220; background_image=&#8220;https:\/\/lovinghonesty.com\/wp-content\/uploads\/2025\/01\/bgfinehellerknleiner.jpg&#8220; custom_padding=&#8220;40px|0px|40px|0px|false|false&#8220; global_colors_info=&#8220;{}&#8220;][et_pb_row _builder_version=&#8220;4.27.4&#8243; _module_preset=&#8220;default&#8220; global_colors_info=&#8220;{}&#8220;][et_pb_column type=&#8220;4_4&#8243; _builder_version=&#8220;4.27.4&#8243; _module_preset=&#8220;default&#8220; global_colors_info=&#8220;{}&#8220;][et_pb_text admin_label=&#8220;Subtitle&#8220; _builder_version=&#8220;4.27.4&#8243; text_font=&#8220;||||||||&#8220; text_font_size=&#8220;16px&#8220; text_line_height=&#8220;1.5em&#8220; header_font=&#8220;|||||on|||&#8220; header_font_size=&#8220;40px&#8220; header_line_height=&#8220;1.2em&#8220; text_orientation=&#8220;center&#8220; max_width=&#8220;700px&#8220; module_alignment=&#8220;center&#8220; custom_padding=&#8220;10px|12px|10px|12px|true|true&#8220; custom_padding_tablet=&#8220;|10px||10px|false|true&#8220; custom_padding_phone=&#8220;|10px||10px|false|true&#8220; custom_padding_last_edited=&#8220;on|tablet&#8220; animation_style=&#8220;slide&#8220; animation_duration=&#8220;500ms&#8220; animation_intensity_slide=&#8220;20%&#8220; animation_starting_opacity=&#8220;100%&#8220; border_radii=&#8220;on|25px|25px|25px|25px&#8220; box_shadow_style=&#8220;preset1&#8243; global_colors_info=&#8220;{}&#8220;]<\/p>\n<h1 data-start=\"650\" data-end=\"757\">Loving Honesty&#8230;<\/h1>\n<p data-start=\"650\" data-end=\"757\">&#8230;ist die <strong>Liebe zur Wahrheit<\/strong>.<\/p>\n<p data-start=\"650\" data-end=\"757\">Sie ist Ausdruck meiner tiefen Dankbarkeit. Wenn ich damit nur dich, nur f\u00fcr einen Moment, ber\u00fchre, bin ich auf dem richtigen Weg.<\/p>\n<p>[\/et_pb_text][\/et_pb_column][\/et_pb_row][et_pb_row column_structure=&#8220;1_2,1_2&#8243; admin_label=&#8220;Title Area&#8220; _builder_version=&#8220;4.27.4&#8243; background_enable_color=&#8220;off&#8220; width=&#8220;90%&#8220; max_width=&#8220;1920px&#8220; locked=&#8220;off&#8220; global_colors_info=&#8220;{}&#8220;][et_pb_column type=&#8220;1_2&#8243; _builder_version=&#8220;4.16&#8243; custom_padding=&#8220;|||&#8220; global_colors_info=&#8220;{}&#8220; custom_padding__hover=&#8220;|||&#8220;][et_pb_text admin_label=&#8220;Subtitle&#8220; _builder_version=&#8220;4.27.4&#8243; text_font=&#8220;||||||||&#8220; text_font_size=&#8220;16px&#8220; text_line_height=&#8220;1.5em&#8220; header_font=&#8220;|||||on|||&#8220; header_font_size=&#8220;40px&#8220; header_line_height=&#8220;1.2em&#8220; text_orientation=&#8220;center&#8220; max_width=&#8220;700px&#8220; module_alignment=&#8220;center&#8220; custom_padding=&#8220;10px|12px|10px|12px|true|true&#8220; custom_padding_tablet=&#8220;|10px||10px|false|true&#8220; custom_padding_phone=&#8220;|10px||10px|false|true&#8220; custom_padding_last_edited=&#8220;on|tablet&#8220; animation_style=&#8220;slide&#8220; animation_duration=&#8220;500ms&#8220; animation_intensity_slide=&#8220;20%&#8220; animation_starting_opacity=&#8220;100%&#8220; border_radii=&#8220;on|25px|25px|25px|25px&#8220; box_shadow_style=&#8220;preset1&#8243; global_colors_info=&#8220;{}&#8220;]<\/p>\n<h1>Liebe&#8230;<\/h1>\n<p>&#8230;ist <strong>eine Haltung, eine Einstellung<\/strong>.<\/p>\n<p>Ich assoziiere damit den Umgang mit etwas Wertvollem, etwas Heiligem. Denk an die Menschen oder Tiere in deinem Leben, die dir wichtig sind. Wenn dich ihr Dasein ber\u00fchrt, ihre Freude deine ist und ihr Leid dich schmerzt, dann empfindest du die Liebe, die ich hier meine. Eine liebevolle Haltung kannst du auch zu Dingen entwickeln, zum Beispiel einem Kleidungsst\u00fcck, einem Kunstwerk, oder einem Ort, an dem du gerne Zeit verbringst.<\/p>\n<p>[\/et_pb_text][\/et_pb_column][et_pb_column type=&#8220;1_2&#8243; _builder_version=&#8220;4.16&#8243; custom_padding=&#8220;|||&#8220; global_colors_info=&#8220;{}&#8220; custom_padding__hover=&#8220;|||&#8220;][et_pb_text admin_label=&#8220;Subtitle&#8220; _builder_version=&#8220;4.27.4&#8243; text_font=&#8220;||||||||&#8220; text_font_size=&#8220;16px&#8220; text_line_height=&#8220;1.5em&#8220; header_font=&#8220;|||||on|||&#8220; header_font_size=&#8220;40px&#8220; header_line_height=&#8220;1.2em&#8220; text_orientation=&#8220;center&#8220; max_width=&#8220;700px&#8220; module_alignment=&#8220;center&#8220; custom_padding=&#8220;10px|12px|10px|12px|true|true&#8220; custom_padding_tablet=&#8220;|10px||10px|false|true&#8220; custom_padding_phone=&#8220;|10px||10px|false|true&#8220; custom_padding_last_edited=&#8220;on|tablet&#8220; animation_style=&#8220;slide&#8220; animation_duration=&#8220;500ms&#8220; animation_intensity_slide=&#8220;20%&#8220; animation_starting_opacity=&#8220;100%&#8220; border_radii=&#8220;on|25px|25px|25px|25px&#8220; box_shadow_style=&#8220;preset1&#8243; global_colors_info=&#8220;{}&#8220;]<\/p>\n<h1>Ehrlichkeit&#8230;<\/h1>\n<p>&#8230;ist eine <strong>Art zu kommunizieren<\/strong>.<\/p>\n<p>Sie belebt und bewegt dich, befreit dich von der Last des Unausgesprochenen und vertieft den Kontakt zum Gegen\u00fcber. Richtig angewendet f\u00fchrt sie zu liebevollen Beziehungen voller Vertrauen und N\u00e4he. Beachte jedoch, es gibt weder ein Recht auf, noch eine Pflicht zur, Ehrlichkeit. Sie ist ein Werkzeug und sollte nach bestem Wissen und Gewissen eingesetzt werden.<\/p>\n<p>[\/et_pb_text][\/et_pb_column][\/et_pb_row][\/et_pb_section][et_pb_section fb_built=&#8220;1&#8243; admin_label=&#8220;Feature Section&#8220; module_id=&#8220;Ueber&#8220; _builder_version=&#8220;4.27.4&#8243; background_enable_color=&#8220;off&#8220; background_image=&#8220;https:\/\/lovinghonesty.com\/wp-content\/uploads\/2024\/12\/neuFF4_1383.jpg&#8220; custom_padding=&#8220;40px|0px|40px|0px|false|false&#8220; global_colors_info=&#8220;{}&#8220;][et_pb_row admin_label=&#8220;Title Area&#8220; _builder_version=&#8220;4.27.4&#8243; background_enable_color=&#8220;off&#8220; background_image=&#8220;https:\/\/lovinghonesty.com\/wp-content\/uploads\/2025\/01\/bgfinehellerknleiner.jpg&#8220; parallax=&#8220;on&#8220; parallax_method=&#8220;off&#8220; width=&#8220;47%&#8220; width_tablet=&#8220;45%&#8220; width_phone=&#8220;90%&#8220; width_last_edited=&#8220;on|phone&#8220; border_radii=&#8220;on|25px|25px|25px|25px&#8220; locked=&#8220;off&#8220; global_colors_info=&#8220;{}&#8220;][et_pb_column type=&#8220;4_4&#8243; _builder_version=&#8220;4.16&#8243; custom_padding=&#8220;|||&#8220; global_colors_info=&#8220;{}&#8220; custom_padding__hover=&#8220;|||&#8220;][et_pb_text admin_label=&#8220;Subtitle&#8220; _builder_version=&#8220;4.27.4&#8243; text_font=&#8220;||||||||&#8220; text_font_size=&#8220;16px&#8220; text_line_height=&#8220;1.5em&#8220; header_font=&#8220;|||||on|||&#8220; header_font_size=&#8220;40px&#8220; header_line_height=&#8220;1.2em&#8220; text_orientation=&#8220;center&#8220; max_width=&#8220;700px&#8220; module_alignment=&#8220;center&#8220; custom_padding=&#8220;10px|12px|10px|12px|true|true&#8220; custom_padding_tablet=&#8220;|10px||10px|false|true&#8220; custom_padding_phone=&#8220;|10px||10px|false|true&#8220; custom_padding_last_edited=&#8220;on|tablet&#8220; animation_style=&#8220;slide&#8220; animation_duration=&#8220;500ms&#8220; animation_intensity_slide=&#8220;20%&#8220; animation_starting_opacity=&#8220;100%&#8220; border_radii=&#8220;on|25px|25px|25px|25px&#8220; global_colors_info=&#8220;{}&#8220;]<\/p>\n<h1>Wie funktioniert Loving Honesty?<\/h1>\n<h3><\/h3>\n<p><strong>Theoretisch&#8230;<\/strong><\/p>\n<p>\u00a0Der Volksmund kennt es als den Elefanten im Raum, um den Brei rumreden, den Deckel draufmachen, etwas in Watte packen, oder als eisige Stimmung.<\/p>\n<p>Das Problem ist, <strong>die Wahrheit verschwindet nicht, nur weil niemand sie ausspricht.<\/strong> Sie wirkt, sie ist Wirklichkeit. Das \u00e4u\u00dfert sich z.B. als passiv aggressives Verhalten, oder als Vermeidung. L\u00e4stern ist eine typische Auspr\u00e4gung, sowie ewiges Gr\u00fcbeln, Angst im Kontakt und allerhand k\u00f6rperliche Symptome, von Kopfschmerzen bis \u00dcbelkeit.<\/p>\n<p>Meistens haben wir im Umgang mit unseren Eltern gelernt, uns so zu verhalten &#8211; weil es mit denen gut funktioniert hat, oder wir es uns schlicht abgekuckt haben. Diese Muster sind jedoch f\u00fcr einen Erwachsenen, unabh\u00e4ngigen Menschen, nicht angemessen, ihre Nebenwirkungen verheerend.\u00a0<\/p>\n<p><strong>Deine Wahrheit zu leugnen kostet dich Lebendigkeit.<\/strong><\/p>\n<p>Du kannst dich jetzt entscheiden das zu \u00e4ndern, es ist nicht kompliziert. Ich wette, du wei\u00dft eigentlich, an welchen Stellen du gern ehrlicher w\u00e4rst. Oft ist es jedoch mit gro\u00dfen Gef\u00fchlen verbunden, die Muster der Kindheit zu durchbrechen. Am besten \u00fcbt sich das mit anderen Menschen, die das gleiche Ziel verfolgen und bereit sind, dich bei deinem Prozess zu unterst\u00fctzen.<\/p>\n<p>&nbsp;<\/p>\n<p><strong>Praktisch&#8230;<\/strong><\/p>\n<p>Im <strong>ersten Schritt<\/strong> nimmst du <strong>Kontakt zu dir selbst<\/strong> auf.<br \/>Du musst deine Wahrheit kennen, um sie teilen zu k\u00f6nnen. Du erlebst sie in deinem K\u00f6rper, in deinen Gedanken spiegelt sie sich. Damit du dich nicht in deinen Gedanken verlierst, ist es \u2013 besonders zu Beginn oder bei schwierigen Themen \u2013 hilfreich, einen Menschen mit Erfahrung an deiner Seite zu haben.<\/p>\n<h3><\/h3>\n<p>Im <strong>zweiten Schritt<\/strong> nimmst du <strong>Kontakt zum Gegen\u00fcber<\/strong> auf. Das kann ein Blick sein, oder eine Frage: <em>\u201eDarf ich mich dir mitteilen?\u201c<\/em><\/p>\n<p>Wenn dein Gegen\u00fcber einverstanden ist dir zuzuh\u00f6ren, teilst und erlebst du im <strong>dritten Schritt<\/strong>, wie es dir wirklich geht. Ihr seid nun gemeinsam an der<strong> Grenze zwischen euch, <\/strong>es entsteht Kontakt.<\/p>\n<h3><\/h3>\n<p>Was du teilst, muss nicht laut sein, oder viel. Es muss <strong>wichtig sein f\u00fcr dich<\/strong>, dir etwas bedeuten, darin <strong>gesehen zu werden<\/strong> \u2013 von deinem Gegen\u00fcber. <span style=\"font-size: 16px;\">Manchmal ist es auch laut und viel, je nachdem, <\/span><span style=\"font-size: 16px;\">wie gro\u00df die <\/span>Sehnsucht nach Verbindung<span style=\"font-size: 16px;\"> dahinter ist. <strong>Alles, was du f\u00fchlst, ist richtig. <\/strong><\/span><\/p>\n<p><span style=\"font-size: 16px;\">Beim Ausagieren hast du <strong>Verantwortung<\/strong>. Deshalb \u00fcben wir uns in Workshops darin <strong>achtsam<\/strong> zu ein, innezuhalten, bewusst zu bleiben, zu atmen.<\/span><\/p>\n<p>[\/et_pb_text][\/et_pb_column][\/et_pb_row][\/et_pb_section][et_pb_section fb_built=&#8220;1&#8243; admin_label=&#8220;Feature Section&#8220; module_id=&#8220;Ueber&#8220; _builder_version=&#8220;4.27.4&#8243; background_enable_color=&#8220;off&#8220; background_image=&#8220;https:\/\/lovinghonesty.com\/wp-content\/uploads\/2025\/01\/bgfinehellerknleiner.jpg&#8220; custom_padding=&#8220;40px|0px|40px|0px|false|false&#8220; global_colors_info=&#8220;{}&#8220;][et_pb_row admin_label=&#8220;Title Area&#8220; _builder_version=&#8220;4.27.4&#8243; background_color=&#8220;rgba(255,255,255,0.07)&#8220; border_radii=&#8220;on|25px|25px|25px|25px&#8220; box_shadow_style=&#8220;preset1&#8243; locked=&#8220;off&#8220; global_colors_info=&#8220;{}&#8220;][et_pb_column type=&#8220;4_4&#8243; _builder_version=&#8220;4.16&#8243; custom_padding=&#8220;|||&#8220; global_colors_info=&#8220;{}&#8220; custom_padding__hover=&#8220;|||&#8220;][et_pb_text admin_label=&#8220;Subtitle&#8220; _builder_version=&#8220;4.27.4&#8243; text_font=&#8220;||||||||&#8220; text_font_size=&#8220;16px&#8220; text_line_height=&#8220;1.5em&#8220; header_font=&#8220;|||||on|||&#8220; header_font_size=&#8220;40px&#8220; header_line_height=&#8220;1.2em&#8220; text_orientation=&#8220;center&#8220; max_width=&#8220;700px&#8220; module_alignment=&#8220;center&#8220; custom_padding=&#8220;10px|12px|10px|12px|true|true&#8220; custom_padding_tablet=&#8220;|10px||10px|false|true&#8220; custom_padding_phone=&#8220;|10px||10px|false|true&#8220; custom_padding_last_edited=&#8220;on|tablet&#8220; animation_style=&#8220;slide&#8220; animation_duration=&#8220;500ms&#8220; animation_intensity_slide=&#8220;20%&#8220; animation_starting_opacity=&#8220;100%&#8220; hover_enabled=&#8220;0&#8243; border_radii=&#8220;on|25px|25px|25px|25px&#8220; global_colors_info=&#8220;{}&#8220; sticky_enabled=&#8220;0&#8243;]<\/p>\n<h1>Loving Honesty lernen<\/h1>\n<p>&nbsp;<\/p>\n<p>Was Loving Honesty f\u00fcr dich bedeutet, <strong>kannst du nur selbst herausfinden<\/strong>. Es geht um deine Wahrheit, um dich.<\/p>\n<p><span style=\"font-size: 16px; background-color: rgba(255, 255, 255, 0.07);\"><span style=\"font-size: 16px;\">Loving Honesty ist eine F\u00e4higkeit, wie schwimmen, du lernst sie im Kontakt. <\/span>Der ideale Kontext f\u00fcr den Beginn dieser Reise, angeleitet und unter Gleichgesinnten, ist ein <\/span><span style=\"font-size: 16px; background-color: rgba(255, 255, 255, 0.07); font-weight: bold;\"><a href=\"https:\/\/lovinghonesty.com\/#Events\" target=\"_blank\" rel=\"noopener\" title=\"Events\"><span style=\"text-decoration: underline;\"><span style=\"color: #0000ff; text-decoration: underline;\">Wochenend-Workshop<\/span><\/span><\/a>.<\/span><\/p>\n<p><em style=\"font-size: 16px; background-color: rgba(255, 255, 255, 0.07);\"><\/em>&#8211;<em style=\"font-size: 16px; background-color: rgba(255, 255, 255, 0.07);\"><span style=\"font-size: 16px; font-weight: bold;\"><\/span><\/em><\/p>\n<p>Alternativ und um im Thema zu bleiben bieten Radical Honesty Trainer Micha K\u00fcchler und ich zwei Mal im Monat ein <span style=\"color: #0000ff;\"><strong><a href=\"https:\/\/lovinghonesty.com\/#rglEvents\" title=\"Meetup\" style=\"color: #0000ff;\"><span style=\"text-decoration: underline;\">Meetup<\/span><\/a><\/strong><\/span> in Bern an.<\/p>\n<p>&#8211;<\/p>\n<p>Wenn du auf den Geschmack gekommen und bereit bist, dir in der Tiefe zu begegnen, besuchst du einen <strong>Retreat<\/strong>. Diese Retreats geh\u00f6ren zu den intensivsten, sch\u00f6nsten und transformativsten Erfahrungen meines Lebens: <span style=\"text-decoration: underline; color: #0000ff;\"><strong><a href=\"https:\/\/www.radicalhonesty.com\/events\" style=\"color: #0000ff; text-decoration: underline;\">https:\/\/www.radicalhonesty.com\/events<\/a><\/strong><\/span><\/p>\n<p>[\/et_pb_text][\/et_pb_column][\/et_pb_row][\/et_pb_section][et_pb_section fb_built=&#8220;1&#8243; _builder_version=&#8220;4.27.4&#8243; _module_preset=&#8220;default&#8220; background_enable_color=&#8220;off&#8220; background_image=&#8220;https:\/\/lovinghonesty.com\/wp-content\/uploads\/2025\/01\/bgfinehellerknleiner.jpg&#8220; parallax=&#8220;on&#8220; parallax_method=&#8220;off&#8220; custom_margin=&#8220;||||false|false&#8220; custom_padding=&#8220;25px||25px||true|false&#8220; global_colors_info=&#8220;{}&#8220;][et_pb_row _builder_version=&#8220;4.27.4&#8243; _module_preset=&#8220;default&#8220; background_color=&#8220;rgba(255,255,255,0.07)&#8220; border_radii=&#8220;on|25px|25px|25px|25px&#8220; box_shadow_style=&#8220;preset1&#8243; saved_tabs=&#8220;all&#8220; global_colors_info=&#8220;{}&#8220;][et_pb_column type=&#8220;4_4&#8243; _builder_version=&#8220;4.27.4&#8243; _module_preset=&#8220;default&#8220; global_colors_info=&#8220;{}&#8220;][et_pb_signup provider=&#8220;mailerlite&#8220; mailerlite_list=&#8220;michael_mailerlite|140782736556164696&#8243; name_field=&#8220;on&#8220; name_fullwidth=&#8220;off&#8220; first_name_fullwidth=&#8220;off&#8220; last_name_fullwidth=&#8220;off&#8220; email_fullwidth=&#8220;off&#8220; success_message=&#8220;Yay!&#8220; title=&#8220;Honesty Letter&#8220; description=&#8220;<\/p>\n<p>Hier bekommst du kleine Erinnerungen an Dich, sowie Infos zu geplanten Events und die Chance auf den Fr\u00fchbucherrabatt.<\/p>\n<p>&#8220; use_spam_service=&#8220;on&#8220; _builder_version=&#8220;4.27.4&#8243; _module_preset=&#8220;default&#8220; form_field_text_color=&#8220;#000000&#8243; form_field_custom_margin=&#8220;0px|||0px|false|false&#8220; header_level=&#8220;h1&#8243; header_font=&#8220;|||||on|||&#8220; header_text_align=&#8220;center&#8220; header_text_color=&#8220;#000000&#8243; header_font_size=&#8220;50px&#8220; header_letter_spacing=&#8220;2px&#8220; header_line_height=&#8220;1.1em&#8220; body_text_align=&#8220;left&#8220; form_field_font=&#8220;Inter||||||||&#8220; form_field_font_size=&#8220;15px&#8220; form_field_line_height=&#8220;1.1em&#8220; background_enable_color=&#8220;off&#8220; custom_button=&#8220;on&#8220; button_text_size=&#8220;18px&#8220; button_text_color=&#8220;#FFFFFF&#8220; button_bg_color=&#8220;#445350&#8243; button_border_width=&#8220;0px&#8220; button_border_color=&#8220;RGBA(255,255,255,0)&#8220; button_border_radius=&#8220;90px&#8220; button_letter_spacing=&#8220;3px&#8220; button_font=&#8220;Inter|600||on|||||&#8220; button_use_icon=&#8220;off&#8220; background_layout=&#8220;light&#8220; custom_margin=&#8220;0px||||false|false&#8220; header_font_size_tablet=&#8220;50px&#8220; header_font_size_phone=&#8220;40px&#8220; header_font_size_last_edited=&#8220;on|phone&#8220; border_radii_fields=&#8220;on|20px|20px|20px|20px&#8220; button_text_shadow_style=&#8220;preset5&#8243; button_text_shadow_horizontal_length=&#8220;0.02em&#8220; button_text_shadow_vertical_length=&#8220;0.02em&#8220; button_text_shadow_color=&#8220;#000000&#8243; box_shadow_style_fields=&#8220;preset4&#8243; box_shadow_horizontal_fields=&#8220;0px&#8220; box_shadow_vertical_fields=&#8220;0px&#8220; box_shadow_blur_fields=&#8220;2px&#8220; box_shadow_spread_fields=&#8220;2px&#8220; box_shadow_style_button=&#8220;preset4&#8243; box_shadow_horizontal_button=&#8220;2px&#8220; box_shadow_vertical_button=&#8220;2px&#8220; global_colors_info=&#8220;{}&#8220; button_bg_color__hover=&#8220;#bf7f75&#8243; button_bg_color__hover_enabled=&#8220;on|hover&#8220; button_letter_spacing__hover=&#8220;2px&#8220; button_letter_spacing__hover_enabled=&#8220;on&#8220; button_bg_enable_color__hover=&#8220;on&#8220;][\/et_pb_signup][\/et_pb_column][\/et_pb_row][\/et_pb_section]<\/p>\n","protected":false},"excerpt":{"rendered":"<p>Loving Honesty&#8230; &#8230;ist die Liebe zur Wahrheit. Sie ist Ausdruck meiner tiefen Dankbarkeit. Wenn ich damit nur dich, nur f\u00fcr einen Moment, ber\u00fchre, bin ich auf dem richtigen Weg.Liebe&#8230; &#8230;ist eine Haltung, eine Einstellung. Ich assoziiere damit den Umgang mit etwas Wertvollem, etwas Heiligem. Denk an die Menschen oder Tiere in deinem Leben, die dir [&hellip;]<\/p>\n","protected":false},"author":1,"featured_media":0,"parent":0,"menu_order":0,"comment_status":"closed","ping_status":"closed","template":"","meta":{"_et_pb_use_builder":"on","_et_pb_old_content":"","_et_gb_content_width":"","_monsterinsights_skip_tracking":false,"_monsterinsights_sitenote_active":false,"_monsterinsights_sitenote_note":"","_monsterinsights_sitenote_category":0,"footnotes":""},"class_list":["post-724","page","type-page","status-publish","hentry"],"_links":{"self":[{"href":"https:\/\/lovinghonesty.com\/index.php?rest_route=\/wp\/v2\/pages\/724","targetHints":{"allow":["GET"]}}],"collection":[{"href":"https:\/\/lovinghonesty.com\/index.php?rest_route=\/wp\/v2\/pages"}],"about":[{"href":"https:\/\/lovinghonesty.com\/index.php?rest_route=\/wp\/v2\/types\/page"}],"author":[{"embeddable":true,"href":"https:\/\/lovinghonesty.com\/index.php?rest_route=\/wp\/v2\/users\/1"}],"replies":[{"embeddable":true,"href":"https:\/\/lovinghonesty.com\/index.php?rest_route=%2Fwp%2Fv2%2Fcomments&post=724"}],"version-history":[{"count":10,"href":"https:\/\/lovinghonesty.com\/index.php?rest_route=\/wp\/v2\/pages\/724\/revisions"}],"predecessor-version":[{"id":1168,"href":"https:\/\/lovinghonesty.com\/index.php?rest_route=\/wp\/v2\/pages\/724\/revisions\/1168"}],"wp:attachment":[{"href":"https:\/\/lovinghonesty.com\/index.php?rest_route=%2Fwp%2Fv2%2Fmedia&parent=724"}],"curies":[{"name":"wp","href":"https:\/\/api.w.org\/{rel}","templated":true}]}}